{"id":30,"date":"2011-05-02T11:45:06","date_gmt":"2011-05-02T11:45:06","guid":{"rendered":"http:\/\/192.168.1.50\/Themes\/2012\/Nano2\/Website_WP\/?page_id=30"},"modified":"2026-05-06T17:00:17","modified_gmt":"2026-05-06T22:00:17","slug":"master-theme","status":"publish","type":"page","link":"https:\/\/ministeriorestitucion.org\/","title":{"rendered":"inicio"},"content":{"rendered":"\n<div class=\"Seguir leyendo\" >\n\n\n    \n    <div class=\"uk-grid uk-text-left uk-flex-middle\" data-uk-grid-match data-uk-margin=\"{cls:'uk-margin-top'}\">\n\n                <div class=\"uk-width-medium-1-2 uk-text-center\" >\n            <div class=\"uk-overlay uk-overlay-hover \"><img src=\"\/wp-content\/uploads\/vinvenida.jpg\" class=\" uk-overlay-scale\" alt=\"Bienvenidos\"><div class=\"uk-overlay-panel uk-overlay-background uk-overlay-icon uk-overlay-fade\"><\/div><a class=\"uk-position-cover\" href=\"http:\/\/ministeriorestitucion.org\/?p=2295\"><\/a><\/div>        <\/div>\n        \n                <div class=\"uk-width-medium-1-2\" >\n            <div class=\"uk-panel uk-panel-space uk-width-1-1\">\n\n                \n                                <h3 class=\"uk-panel-title\">\n\n                                            <a class=\"uk-link-reset\" href=\"http:\/\/ministeriorestitucion.org\/?p=2295\">Bienvenidos<\/a>\n                    \n                    \n                <\/h3>\n                \n                                <div class=\"uk-margin\">Este ministerio surgi\u00f3 conforme a los prop\u00f3sitos de Dios, ya que \u00c9l ha venido creando circunstancias para que su voluntad se cumpla en nuestras vidas. Todo comenz\u00f3 en el Salvador, en el mes enero del 2005, cuando conoc\u00ed en el grupo de oraci\u00f3n en mi casa, (lo cual indica que los grupos de oraci\u00f3n son una verdadera bendici\u00f3n) a una sierva de Dios, l\u00edder de discapacitados, quien me pidi\u00f3 apoyo porque se sinti\u00f3 ministrada por la Palabra de Dios. Este apoyo consisti\u00f3 en intercesi\u00f3n por esta comunidad, acompa\u00f1ada de ayunos y oraciones. <\/div>\n                \n                \n                                <p><a class=\"uk-button\" href=\"http:\/\/ministeriorestitucion.org\/?p=2295\">Leer m\u00e1s<\/a><\/p>\n                \n            <\/div>\n        <\/div>\n        \n    <\/div>\n\n    \n\n    \n    <div class=\"uk-grid uk-text-left uk-flex-middle\" data-uk-grid-match data-uk-margin=\"{cls:'uk-margin-top'}\">\n\n                <div class=\"uk-width-medium-1-2 uk-text-center uk-float-right uk-flex-order-last-medium\" >\n            <img src=\"\/wp-content\/uploads\/devocionales.png\" class=\" uk-overlay-scale\" alt=\"Devocional diario\">        <\/div>\n        \n                <div class=\"uk-width-medium-1-2\" >\n            <div class=\"uk-panel uk-panel-space uk-width-1-1\">\n\n                \n                                <h3 class=\"uk-panel-title\">\n\n                                            Devocional diario                    \n                    \n                <\/h3>\n                \n                                <div class=\"uk-margin\">Creemos que grabar un vers\u00edculo de la Biblia en la mente y en el coraz\u00f3n y meditar sobre \u00e9l durante el d\u00eda, tiene un poder sobrenatural para transformar vidas. Puede revelar el amor de Dios, Su infinita misericordia y Su glorioso plan de salvaci\u00f3n. Jes\u00fas dijo: &#8220;Las palabras que hablo son Esp\u00edritu y son vida&#8221; Juan 6:63. \nPara fortalecer tu alma cada d\u00eda con un solo verso B\u00edblico, visita:\n\n<br>\n<br>\n<br>\n<!DOCTYPE html>\n<html lang=\"es\">\n<head>\n<meta charset=\"UTF-8\">\n<style>\n.boton-redondeado {\n  display: inline-block;\n  padding: 15px 25px;\n  background: linear-gradient(90deg, #4a86c5, #3b78b8);\n  color: white;\n  text-decoration: none;\n  font-size: 18px;\n  font-family: Arial, sans-serif;\n  border-radius: 50px;\n  text-align: center;\n  transition: 0.3s ease;\n}\n\n.boton-redondeado:hover {\n  background: linear-gradient(90deg, #3b78b8, #2f5f99);\n}\n<\/style>\n<\/head>\n<body>\n\n<a target=\"_blank\" href=\"https:\/\/www.devocional-diario-cristiano.org\" class=\"boton-redondeado\">\n  www.devocional-diario-cristiano.org\n<\/a>\n\n<\/body>\n<\/html><\/div>\n                \n                \n                \n            <\/div>\n        <\/div>\n        \n    <\/div>\n\n    \n\n    \n    <div class=\"uk-grid uk-text-left uk-flex-middle\" data-uk-grid-match data-uk-margin=\"{cls:'uk-margin-top'}\">\n\n                <div class=\"uk-width-medium-1-2 uk-text-center\" >\n            <div class=\"uk-overlay uk-overlay-hover \"><img src=\"\/wp-content\/uploads\/mensaje-biblico.png\" class=\" uk-overlay-scale\" alt=\"Mensaje B\u00edblico Actual\"><div class=\"uk-overlay-panel uk-overlay-background uk-overlay-icon uk-overlay-fade\"><\/div><a class=\"uk-position-cover\" href=\"http:\/\/ministeriorestitucion.org\/?p=7\"><\/a><\/div>        <\/div>\n        \n                <div class=\"uk-width-medium-1-2\" >\n            <div class=\"uk-panel uk-panel-space uk-width-1-1\">\n\n                \n                                <h3 class=\"uk-panel-title\">\n\n                                            <a class=\"uk-link-reset\" href=\"http:\/\/ministeriorestitucion.org\/?p=7\">Mensaje B\u00edblico Actual<\/a>\n                    \n                    \n                <\/h3>\n                \n                                <div class=\"uk-margin\">Mientras oraba, EL SE\u00d1OR a quien amo y sirvo, me dio esta palabra de Isaias capitulo 2 NTV. Por la gracia del SE\u00d1OR y por su gran misericordia, me fue dada la revelaci\u00f3n de \u00e9ste cap\u00edtulo: Bien lo dice el SE\u00d1OR en este pasaje que EN SION, es decir, en la presencia del SE\u00d1OR(en Oraci\u00f3n y Ayuno, meditaci\u00f3n de su Palabra),seremos instruidos o ense\u00f1ados y saldr\u00e1 palabra del SE\u00d1OR. \n<\/div>\n                \n                \n                                <p><a class=\"uk-button\" href=\"http:\/\/ministeriorestitucion.org\/?p=7\">Leer m\u00e1s<\/a><\/p>\n                \n            <\/div>\n        <\/div>\n        \n    <\/div>\n\n    \n\n<\/div>\n\n\n\n<hr class=\"wp-block-separator\"\/>\n\n\n\n<h2 class=\"has-vivid-cyan-blue-color has-text-color has-large-font-size\">Enlaces relacionados:<\/h2>\n\n\n\n<div class=\"wp-block-buttons\"><\/div>\n\n\n\n<div class=\"wp-block-buttons is-content-justification-center\">\n<div class=\"wp-block-button\"><a class=\"wp-block-button__link has-background\" href=\"http:\/\/www.devocional-diario-cristiano.org\" style=\"background-color:#3e94e5\" target=\"_blank\" rel=\"noreferrer noopener\"> www.devocional-diario-cristiano.org<\/a><\/div>\n<\/div>\n\n\n\n<div class=\"wp-block-buttons is-content-justification-center\">\n<div class=\"wp-block-button\"><a class=\"wp-block-button__link has-background\" href=\"https:\/\/ministerio-de-oracion.org\/\" style=\"background-color:#3e94e5\" target=\"_blank\" rel=\"noreferrer noopener\"> https:\/\/ministerio-de-oracion.org\/<\/a><\/div>\n<\/div>\n\n\n\n<div class=\"wp-block-buttons is-content-justification-center\"><\/div>\n","protected":false},"excerpt":{"rendered":"<p>Enlaces relacionados:<\/p>\n","protected":false},"author":1,"featured_media":0,"parent":0,"menu_order":0,"comment_status":"closed","ping_status":"closed","template":"","meta":[],"_links":{"self":[{"href":"https:\/\/ministeriorestitucion.org\/index.php?rest_route=\/wp\/v2\/pages\/30"}],"collection":[{"href":"https:\/\/ministeriorestitucion.org\/index.php?rest_route=\/wp\/v2\/pages"}],"about":[{"href":"https:\/\/ministeriorestitucion.org\/index.php?rest_route=\/wp\/v2\/types\/page"}],"author":[{"embeddable":true,"href":"https:\/\/ministeriorestitucion.org\/index.php?rest_route=\/wp\/v2\/users\/1"}],"replies":[{"embeddable":true,"href":"https:\/\/ministeriorestitucion.org\/index.php?rest_route=%2Fwp%2Fv2%2Fcomments&post=30"}],"version-history":[{"count":22,"href":"https:\/\/ministeriorestitucion.org\/index.php?rest_route=\/wp\/v2\/pages\/30\/revisions"}],"predecessor-version":[{"id":9239,"href":"https:\/\/ministeriorestitucion.org\/index.php?rest_route=\/wp\/v2\/pages\/30\/revisions\/9239"}],"wp:attachment":[{"href":"https:\/\/ministeriorestitucion.org\/index.php?rest_route=%2Fwp%2Fv2%2Fmedia&parent=30"}],"curies":[{"name":"wp","href":"https:\/\/api.w.org\/{rel}","templated":true}]}}