{"id":1037,"date":"2016-05-21T14:50:18","date_gmt":"2016-05-21T14:50:18","guid":{"rendered":"http:\/\/192.155.192.186\/~minister\/new\/?page_id=1037"},"modified":"2020-05-15T20:09:48","modified_gmt":"2020-05-16T01:09:48","slug":"plan-de-salavacion","status":"publish","type":"page","link":"https:\/\/ministeriorestitucion.org\/?page_id=1037","title":{"rendered":"Plan de Salavaci\u00f3n"},"content":{"rendered":"\n    <div id=\"wk-4c7\" class=\"uk-flex uk-flex-center uk-flex-middle uk-overflow-hidden uk-text-center uk-contrast \" style=\"height: 300px; background-image: url(wp-content\/uploads\/plan-salvaci%C3%B3n.png);\" data-uk-parallax=\"{bg: -1}\">\n        <div class=\"uk-width-9-10 uk-width-small-4-5 uk-width-medium-2-3 uk-width-large-1-2 uk-panel\">\n\n                        <h3 class=\"uk-h1 uk-margin-top-remove uk-margin-top-remove\" data-uk-parallax=\"{viewport: 1,velocity: 0.5}\">\n\n                                    Plan Salvaci\u00f3n                \n            <\/h3>\n            \n            \n        <\/div>\n    <\/div>\n\n\r\n\r\n&nbsp;\r\n\r\n&nbsp;\r\n\r\n\n<div >\n\n\n    \n    <div class=\"uk-grid uk-text-center uk-flex-middle\" data-uk-grid-match data-uk-margin=\"{cls:'uk-margin-top'}\">\n\n        \n                <div class=\"uk-width-1-1\" >\n            <div class=\"uk-panel uk-panel-space uk-width-1-1\">\n\n                \n                                <h3 class=\"uk-h2\">\n\n                                            <a class=\"uk-link-reset\" href=\"https:\/\/ministeriorestitucion.org\/?p=268\">PLAN DE SALVACI\u00d3N<\/a>\n                    \n                    \n                <\/h3>\n                \n                                <div class=\"uk-margin\">Amado amigo \/a queremos compartir contigo el\u00a0 primer paso que debes dar, para el comienzo\u00a0 de una vida diferente. Para que tengas paz, a pesar de las luchas diarias de la vida, para que seas part\u00edcipe de las bendiciones que Dios tiene para ti y recibir el mayor milagro, la salvaci\u00f3n en Cristo. Para ello necesitas saber lo que dice la Palabra de Dios:\n<ol>\n \t<li><strong> Todos necesitamos obtener el perd\u00f3n:<\/strong> Romanos 3:23 Por cuanto todos pecaron, y est\u00e1n destituidos de la gloria de Dios.<\/li>\n \t<li><strong> EL pecado nos separa de Dios<\/strong> Isa\u00edas 59:2 versi\u00f3n DHH Pero las maldades cometidas por ustedes han levantado una barrera entre ustedes y Dios, sus pecados han hecho que \u00c9L se cubra la cara.<\/li>\n \t<li><strong> A trav\u00e9s del arrepentimiento sincero obtenemos el perd\u00f3n<\/strong> Isa\u00edas 44:22 Versi\u00f3n DHH \u201cYo hecho desaparecer tus faltas y pecados, como desparecen las nubes. Vu\u00e9lvete a mi, pues yo te he libertado\u201d.<\/li>\n \t<li><strong> Somos justificados por gracia <\/strong>Efesios 2:4-5 Pero Dios es tan misericordioso y nos am\u00f3 tanto, que nos dio vida juntamente con Cristo cuando todav\u00eda est\u00e1bamos muertos a causa de nuestros pecados. Por la bondad de Dios han recibido ustedes la salvaci\u00f3n.<\/li>\n \t<li><strong> Si le recibimos y creemos en \u00c9L nos da el poder de ser sus hijos<\/strong>. Juan 1:12 DHH Pero a quienes lo recibieron y creyeron en \u00c9L, les concedi\u00f3 el privilegio de llegar a ser hijos de Dios. Jes\u00fas dijo: \u201cYo soy es el camino, la verdad y la vida, nadie viene al Padre sino, por mi. Juan 14:6 6. Dios te ama tal cual eres y quiere darte vida eterna Juan 3:16 Porque de tal manera am\u00f3 Dios al mundo, que ha dado a su Hijo Unig\u00e9nito (\u00fanico), para que todo aquel que en \u00c9l cree, no se pierda, mas tenga vida eterna.<\/li>\n<\/ol>\nHaz la siguiente oraci\u00f3n si deseas aceptar a Jesucristo como tu salvador y libertador, pero lo mas importante es que la hagas de\u00a0\u00a0 todo coraz\u00f3n:\n\n<strong>Se\u00f1or Jesucristo, te acepto como mi \u00fanico y suficiente Salvador personal, reconozco que soy pecador y que moriste por mis pecados en la Cruz del Calvario, me arrepiento de mis pecados. Toma el control de mi vida. Cambia mi vida. Renuncio, en tu nombre Jesucristo, a toda maldici\u00f3n generacional por idolatr\u00eda, hechicer\u00eda, adulterio, vicios y enfermedades. Hazme uno de tus hijos, una oveja de tu reba\u00f1o y dame tu cuidado, gu\u00eda y protecci\u00f3n. Amen.<\/strong>\n\nSi has recibido a Jesucristo como tu salvador, deseamos orar por ti y comunicarnos contigo&#8230;<\/div>\n                \n                \n                \n            <\/div>\n        <\/div>\n        \n    <\/div>\n\n    \n\n<\/div>\n\r\n","protected":false},"excerpt":{"rendered":"<p>&nbsp; &nbsp;<\/p>\n","protected":false},"author":1,"featured_media":0,"parent":0,"menu_order":0,"comment_status":"closed","ping_status":"closed","template":"","meta":[],"_links":{"self":[{"href":"https:\/\/ministeriorestitucion.org\/index.php?rest_route=\/wp\/v2\/pages\/1037"}],"collection":[{"href":"https:\/\/ministeriorestitucion.org\/index.php?rest_route=\/wp\/v2\/pages"}],"about":[{"href":"https:\/\/ministeriorestitucion.org\/index.php?rest_route=\/wp\/v2\/types\/page"}],"author":[{"embeddable":true,"href":"https:\/\/ministeriorestitucion.org\/index.php?rest_route=\/wp\/v2\/users\/1"}],"replies":[{"embeddable":true,"href":"https:\/\/ministeriorestitucion.org\/index.php?rest_route=%2Fwp%2Fv2%2Fcomments&post=1037"}],"version-history":[{"count":3,"href":"https:\/\/ministeriorestitucion.org\/index.php?rest_route=\/wp\/v2\/pages\/1037\/revisions"}],"predecessor-version":[{"id":1572,"href":"https:\/\/ministeriorestitucion.org\/index.php?rest_route=\/wp\/v2\/pages\/1037\/revisions\/1572"}],"wp:attachment":[{"href":"https:\/\/ministeriorestitucion.org\/index.php?rest_route=%2Fwp%2Fv2%2Fmedia&parent=1037"}],"curies":[{"name":"wp","href":"https:\/\/api.w.org\/{rel}","templated":true}]}}